{"id":201,"date":"2018-05-04T12:33:13","date_gmt":"2018-05-04T12:33:13","guid":{"rendered":"http:\/\/keenitsolutions.com\/products\/wordpress\/rsconstruction\/?page_id=201"},"modified":"2020-03-05T11:24:10","modified_gmt":"2020-03-05T10:24:10","slug":"urgences-sinistres","status":"publish","type":"page","link":"https:\/\/edifys-charpente.com\/index.php\/urgences-sinistres\/","title":{"rendered":"Urgences &#038; Sinistres"},"content":{"rendered":"<p>[vc_row css=&#8221;.vc_custom_1529648610503{padding-top: 93px !important;padding-bottom: 20px !important;}&#8221;][vc_column]\r\n        <div class=\"rs-heading  border-style center\">\r\n        \t<div class=\"title-inner\">\r\n\t            \r\n\t            <h2>Urgences &amp; Sinistres<\/h2>\r\n\t        <\/div><\/div>[vc_column_text el_class=&#8221;width80&#8243;]<\/p>\n<p class=\"p1\" style=\"text-align: center;\">La force de notre entreprise est notre organisation et notre r\u00e9activit\u00e9. Nous garantissons notre venue dans les 48 heures pour prendre connaissance des d\u00e9g\u00e2ts caus\u00e9s lors du sinistre. En cas d\u2019urgence et dans l\u2019impossibilit\u00e9 de r\u00e9parer votre toiture dans la journ\u00e9e, nous proc\u00e9dons \u00e0 des mesures conservatoires le temps de pouvoir mettre en \u0153uvre les r\u00e9parations d\u00e9finitives.<\/p>\n<p>[\/vc_column_text][\/vc_column][\/vc_row][vc_row css=&#8221;.vc_custom_1529646280659{margin-top: 0px !important;margin-bottom: 100px !important;padding-top: 50px !important;padding-right: 50px !important;padding-bottom: 50px !important;padding-left: 50px !important;background-color: #f7f7f7 !important;}&#8221; el_id=&#8221;rs-about&#8221; el_class=&#8221;rs-about1&#8243;][vc_column][vc_row_inner][vc_column_inner width=&#8221;5\/12&#8243;][vc_single_image image=&#8221;3720&#8243; img_size=&#8221;full&#8221; alignment=&#8221;center&#8221; style=&#8221;vc_box_shadow_border&#8221; css=&#8221;.vc_custom_1583403373636{margin-bottom: 30px !important;}&#8221;][\/vc_column_inner][vc_column_inner width=&#8221;7\/12&#8243;][vc_column_text]<\/p>\n<h4><strong><em>Une invervention dans les 24 heures limite les risques<\/em><\/strong><\/h4>\n<p>Site \u00e0 un sinistre ou \u00e0 une intemp\u00e9rie, Edifys se charge d&#8217;intervenir d&#8217;urgence sur votre toiture. Des intemp\u00e9ries peuvent mettre en danger votre toit, et si nous n&#8217;intervenons pas dans les 24 heures, des pr\u00e9judices suppl\u00e9mentaires peuvent \u00eatre constat\u00e9s ou vous mettre vous et votre famille en danger.<\/p>\n<p>Cette r\u00e9activit\u00e9 de pouvoir intervenir dans les 24 heures, nous permet de r\u00e9duire au maximum les dommages caus\u00e9s par une temp\u00eate et les sinistres intervenus sur votre toiture.[\/vc_column_text][\/vc_column_inner][\/vc_row_inner][\/vc_column][\/vc_row][vc_row full_width=&#8221;stretch_row_content_no_spaces&#8221; content_placement=&#8221;middle&#8221; css=&#8221;.vc_custom_1583403847625{padding-top: 0px !important;padding-bottom: 0px !important;background-image: url(http:\/\/edifys-charpente.com\/wp-content\/uploads\/2020\/03\/DACHPLANE_Dach_gr.jpg?id=3652) !important;background-position: center !important;background-repeat: no-repeat !important;background-size: cover !important;}&#8221; el_id=&#8221;we-offer&#8221; el_class=&#8221;we-offer&#8221;][vc_column width=&#8221;1\/2&#8243; css=&#8221;.vc_custom_1529655764092{padding-top: 91px !important;padding-right: 80px !important;padding-bottom: 60px !important;padding-left: 120px !important;background-color: #f5f5f5 !important;}&#8221; el_id=&#8221;included-left&#8221;][vc_column_text]<\/p>\n<h2 class=\"upper border-style2\">Intervention Sinistre<\/h2>\n<p>En cas de sinistre, Edifys intervient dans les 48 heures en cas d&#8217;urgence pour minimiser les cons\u00e9quences des probl\u00e9matiques en toiture.[\/vc_column_text]\n\t\t<div class=\"rs-services1 left\">\n\t\t<div class=\"services-wrap  \"> \n         <div class=\"services-item\">\n            <div class=\"services-icon\">\n                <i class=\"fa fa-gavel\"><\/i>\n             <\/div>\n        \n\t\t\t<div class=\"services-desc\">\n\t\t\t\t<h3 class=\"services-title services-title2\"><a >Bachage Professionnel<\/a><\/h3>\n\t\t\t\t<p>En cas de d\u00e9g\u00e2ts des eaux, notre \u00e9quipe proc\u00e8de \u00e0 un b\u00e2chage professionnel afin de minimiser les cons\u00e9quences sur votre toiture ou dans votre habitation.<\/p>\n\t\t\t\t\n\t\t\t\t<\/div>\n\t\t\t<\/div>\t\n\t\t<\/div><\/div>\n\t\n\t\t<div class=\"rs-services1 left\">\n\t\t<div class=\"services-wrap  \"> \n         <div class=\"services-item\">\n            <div class=\"services-icon\">\n                <i class=\"fa fa-print\"><\/i>\n             <\/div>\n        \n\t\t\t<div class=\"services-desc\">\n\t\t\t\t<h3 class=\"services-title services-title2\"><a >Pr\u00e9vention de chute d'\u00e9l\u00e9ments<\/a><\/h3>\n\t\t\t\t<p>Des tuiles ou des ardoises envol\u00e9es, peuvent repr\u00e9senter un danger pour votre toiture ou pour votre famille. Nous intervenons en urgence sur votre toit afin de s\u00e9curiser les \u00e9l\u00e9ments et ainsi emp\u00eacher tout accident.<\/p>\n\t\t\t\t\n\t\t\t\t<\/div>\n\t\t\t<\/div>\t\n\t\t<\/div><\/div>\n\t\n\t\t<div class=\"rs-services1 left\">\n\t\t<div class=\"services-wrap  \"> \n         <div class=\"services-item\">\n            <div class=\"services-icon\">\n                <i class=\"fa fa-tasks\"><\/i>\n             <\/div>\n        \n\t\t\t<div class=\"services-desc\">\n\t\t\t\t<h3 class=\"services-title services-title2\"><a >Mise Hors d'eau<\/a><\/h3>\n\t\t\t\t<p>Suite \u00e0 un sinistre, nous intervenons pour la mise en hors d&#8217;eau rapide afin d&#8217;\u00e9viter tout dommage suppl\u00e9mentaire qui pourrait fragiliser votre toit. Par la suite, les r\u00e9parations n\u00e9cessaires sur votre toiture seront effectu\u00e9es.<\/p>\n\t\t\t\t\n\t\t\t\t<\/div>\n\t\t\t<\/div>\t\n\t\t<\/div><\/div>\n\t[\/vc_column][vc_column width=&#8221;1\/2&#8243; css=&#8221;.vc_custom_1529647017658{padding-top: 0px !important;padding-right: 0px !important;padding-bottom: 0px !important;padding-left: 0px !important;}&#8221;][\/vc_column][\/vc_row][vc_row full_width=&#8221;stretch_row&#8221; content_placement=&#8221;middle&#8221; el_id=&#8221;cta-sec&#8221; css=&#8221;.vc_custom_1525770342759{padding-top: 35px !important;padding-bottom: 35px !important;background-color: #fbc02d !important;}&#8221;][vc_column width=&#8221;1\/6&#8243;][vc_single_image image=&#8221;2073&#8243; img_size=&#8221;full&#8221;][\/vc_column][vc_column width=&#8221;7\/12&#8243;][vc_column_text el_class=&#8221;callto-desc&#8221;]<\/p>\n<p class=\"call-subtitle\">Une urgence, un sinistre ?<\/p>\n<p class=\"call-title\">Contactez Edifys !<\/p>\n<p>[\/vc_column_text][\/vc_column][vc_column width=&#8221;1\/4&#8243;][vc_column_text el_class=&#8221;text-right&#8221;]<a class=\"readon\" href=\"http:\/\/edifys-charpente.com\/index.php\/contact\/\">DEMANDER UN DEVIS<\/a>[\/vc_column_text][\/vc_column][\/vc_row]<\/p>\n","protected":false},"excerpt":{"rendered":"<p>[vc_row css=&#8221;.vc_custom_1529648610503{padding-top: 93px !important;padding-bottom: 20px !important;}&#8221;][vc_column][vc_column_text el_class=&#8221;width80&#8243;] La force de notre entreprise est notre organisation et notre r\u00e9activit\u00e9. Nous garantissons&#8230;<\/p>\n","protected":false},"author":1,"featured_media":0,"parent":0,"menu_order":0,"comment_status":"closed","ping_status":"closed","template":"","meta":[],"yoast_head":"<!-- This site is optimized with the Yoast SEO plugin v14.9 - https:\/\/yoast.com\/wordpress\/plugins\/seo\/ -->\n<title>Urgences &amp; Sinistres - Edifys<\/title>\n<meta name=\"robots\" content=\"index, follow, max-snippet:-1, max-image-preview:large, max-video-preview:-1\" \/>\n<link rel=\"canonical\" href=\"https:\/\/edifys-charpente.com\/index.php\/urgences-sinistres\/\" \/>\n<meta property=\"og:locale\" content=\"fr_FR\" \/>\n<meta property=\"og:type\" content=\"article\" \/>\n<meta property=\"og:title\" content=\"Urgences &amp; Sinistres - Edifys\" \/>\n<meta property=\"og:description\" content=\"[vc_row css=&#8221;.vc_custom_1529648610503{padding-top: 93px !important;padding-bottom: 20px !important;}&#8221;][vc_column][vc_column_text el_class=&#8221;width80&#8243;] La force de notre entreprise est notre organisation et notre r\u00e9activit\u00e9. Nous garantissons...\" \/>\n<meta property=\"og:url\" content=\"https:\/\/edifys-charpente.com\/index.php\/urgences-sinistres\/\" \/>\n<meta property=\"og:site_name\" content=\"Edifys\" \/>\n<meta property=\"article:modified_time\" content=\"2020-03-05T10:24:10+00:00\" \/>\n<meta name=\"twitter:card\" content=\"summary_large_image\" \/>\n<script type=\"application\/ld+json\" class=\"yoast-schema-graph\">{\"@context\":\"https:\/\/schema.org\",\"@graph\":[{\"@type\":\"WebSite\",\"@id\":\"https:\/\/edifys-charpente.com\/#website\",\"url\":\"https:\/\/edifys-charpente.com\/\",\"name\":\"Edifys\",\"description\":\"\",\"potentialAction\":[{\"@type\":\"SearchAction\",\"target\":\"https:\/\/edifys-charpente.com\/?s={search_term_string}\",\"query-input\":\"required name=search_term_string\"}],\"inLanguage\":\"fr-FR\"},{\"@type\":\"WebPage\",\"@id\":\"https:\/\/edifys-charpente.com\/index.php\/urgences-sinistres\/#webpage\",\"url\":\"https:\/\/edifys-charpente.com\/index.php\/urgences-sinistres\/\",\"name\":\"Urgences & Sinistres - Edifys\",\"isPartOf\":{\"@id\":\"https:\/\/edifys-charpente.com\/#website\"},\"datePublished\":\"2018-05-04T12:33:13+00:00\",\"dateModified\":\"2020-03-05T10:24:10+00:00\",\"inLanguage\":\"fr-FR\",\"potentialAction\":[{\"@type\":\"ReadAction\",\"target\":[\"https:\/\/edifys-charpente.com\/index.php\/urgences-sinistres\/\"]}]}]}<\/script>\n<!-- \/ Yoast SEO plugin. -->","_links":{"self":[{"href":"https:\/\/edifys-charpente.com\/index.php\/wp-json\/wp\/v2\/pages\/201"}],"collection":[{"href":"https:\/\/edifys-charpente.com\/index.php\/wp-json\/wp\/v2\/pages"}],"about":[{"href":"https:\/\/edifys-charpente.com\/index.php\/wp-json\/wp\/v2\/types\/page"}],"author":[{"embeddable":true,"href":"https:\/\/edifys-charpente.com\/index.php\/wp-json\/wp\/v2\/users\/1"}],"replies":[{"embeddable":true,"href":"https:\/\/edifys-charpente.com\/index.php\/wp-json\/wp\/v2\/comments?post=201"}],"version-history":[{"count":9,"href":"https:\/\/edifys-charpente.com\/index.php\/wp-json\/wp\/v2\/pages\/201\/revisions"}],"predecessor-version":[{"id":3723,"href":"https:\/\/edifys-charpente.com\/index.php\/wp-json\/wp\/v2\/pages\/201\/revisions\/3723"}],"wp:attachment":[{"href":"https:\/\/edifys-charpente.com\/index.php\/wp-json\/wp\/v2\/media?parent=201"}],"curies":[{"name":"wp","href":"https:\/\/api.w.org\/{rel}","templated":true}]}}