{"id":3265,"date":"2018-08-17T08:34:39","date_gmt":"2018-08-17T08:34:39","guid":{"rendered":"http:\/\/keenitsolutions.com\/products\/wordpress\/batiment\/?page_id=3265"},"modified":"2020-03-05T09:51:00","modified_gmt":"2020-03-05T08:51:00","slug":"home-carpenter","status":"publish","type":"page","link":"https:\/\/edifys-charpente.com\/","title":{"rendered":"Edifys Charpente"},"content":{"rendered":"<p>[vc_row css=&#8221;.vc_custom_1534410962071{padding-top: 88px !important;padding-right: 0px !important;padding-bottom: 100px !important;padding-left: 0px !important;}&#8221; el_id=&#8221;rs-about&#8221; el_class=&#8221;choose-us registration rs-about-carpenter&#8221;][vc_column width=&#8221;7\/12&#8243;]\r\n        <div class=\"rs-heading  border-style \">\r\n        \t<div class=\"title-inner\">\r\n\t            <span class=\"sub-text\">Notre Sp\u00e9cialit\u00e9, Votre S\u00e9renit\u00e9<\/span>\r\n\t            <h2>A Propos d'Edifys<\/h2>\r\n\t        <\/div><div class=\"description\"><p><strong>PLUS DE 10 ANS D&#8217;EXPERTISE<\/strong><\/p>\n<p class=\"p1\">Edifys r\u00e9volutionne le monde de la toiture en privil\u00e9giant l\u2019entretien et la r\u00e9paration de votre toit et de votre terrasse, ainsi que de son am\u00e9lioration afin d&#8217;\u00e9viter de futurs d\u00e9g\u00e2ts.<\/p>\n<p class=\"p1\">\u00c0 l&#8217;heure actuelle, la toiture est un secteur trop souvent d\u00e9laiss\u00e9. Ce qui peut parfois occasionner de grands probl\u00e8mes pour la structure qui se trouve en dessous, vous laissant avec des factures on\u00e9reuses pour sa remise en \u00e9tat.<\/p>\n<p class=\"p1\">Changez d\u2019habitudes et penser \u00e0 faire des \u00e9conomies aujourd&#8217;hui avec Edifys.<\/p>\n<p><img loading=\"lazy\" class=\"size-medium wp-image-3560\" src=\"http:\/\/edifys-charpente.com\/wp-content\/uploads\/2020\/02\/Alice_Sara_Ott_-_Signature-300x114.jpg\" alt=\"\" width=\"300\" height=\"114\" srcset=\"https:\/\/edifys-charpente.com\/wp-content\/uploads\/2020\/02\/Alice_Sara_Ott_-_Signature-300x114.jpg 300w, https:\/\/edifys-charpente.com\/wp-content\/uploads\/2020\/02\/Alice_Sara_Ott_-_Signature-768x291.jpg 768w, https:\/\/edifys-charpente.com\/wp-content\/uploads\/2020\/02\/Alice_Sara_Ott_-_Signature-1024x388.jpg 1024w, https:\/\/edifys-charpente.com\/wp-content\/uploads\/2020\/02\/Alice_Sara_Ott_-_Signature-600x227.jpg 600w\" sizes=\"(max-width: 300px) 100vw, 300px\" \/><\/p><\/div><\/div>[\/vc_column][vc_column width=&#8221;5\/12&#8243; el_class=&#8221;registration-form&#8221; el_id=&#8221;registration-carpenter&#8221;]\r\n        <div class=\"rs-heading  vc_custom_1582812887908 border-style \">\r\n        \t<div class=\"title-inner\">\r\n\t            <span style=\"color: #ffffff\" class=\"sub-text\">Entrez vos informations ici<\/span>\r\n\t            <h2 style=\"color: #ffffff\">Contactez Nous<\/h2>\r\n\t        <\/div><\/div><div role=\"form\" class=\"wpcf7\" id=\"wpcf7-f3532-o1\" lang=\"en-US\" dir=\"ltr\">\n<div class=\"screen-reader-response\" role=\"alert\" aria-live=\"polite\"><\/div>\n<form action=\"\/index.php\/wp-json\/wp\/v2\/pages\/3265#wpcf7-f3532-o1\" method=\"post\" class=\"wpcf7-form init\" novalidate=\"novalidate\">\n<div style=\"display: none;\">\n<input type=\"hidden\" name=\"_wpcf7\" value=\"3532\" \/>\n<input type=\"hidden\" name=\"_wpcf7_version\" value=\"5.2.2\" \/>\n<input type=\"hidden\" name=\"_wpcf7_locale\" value=\"en_US\" \/>\n<input type=\"hidden\" name=\"_wpcf7_unit_tag\" value=\"wpcf7-f3532-o1\" \/>\n<input type=\"hidden\" name=\"_wpcf7_container_post\" value=\"0\" \/>\n<input type=\"hidden\" name=\"_wpcf7_posted_data_hash\" value=\"\" \/>\n<\/div>\n<div class=\"form-row contact-form-area\">\n<div class=\"col-sm-6 first-col\">\n                      <span class=\"wpcf7-form-control-wrap your-name\"><input type=\"text\" name=\"your-name\" value=\"\" size=\"40\" class=\"wpcf7-form-control wpcf7-text wpcf7-validates-as-required\" aria-required=\"true\" aria-invalid=\"false\" placeholder=\"Nom*\" \/><\/span>\n\t\t<\/div>\n<div class=\"col-sm-6 last-col\">\n                    <span class=\"wpcf7-form-control-wrap your-email\"><input type=\"email\" name=\"your-email\" value=\"\" size=\"40\" class=\"wpcf7-form-control wpcf7-text wpcf7-email wpcf7-validates-as-required wpcf7-validates-as-email\" aria-required=\"true\" aria-invalid=\"false\" placeholder=\"E-Mail*\" \/><\/span>\n\t\t<\/div>\n<div class=\"col-sm-6\">\n                     <span class=\"wpcf7-form-control-wrap your-phone\"><input type=\"text\" name=\"your-phone\" value=\"\" size=\"40\" class=\"wpcf7-form-control wpcf7-text\" aria-invalid=\"false\" placeholder=\"N\u00b0 de T\u00e9l\u00e9phone\" \/><\/span>\n\t\t<\/div>\n<div class=\"col-sm-6\">\n                      <span class=\"wpcf7-form-control-wrap your-website\"><input type=\"text\" name=\"your-website\" value=\"\" size=\"40\" class=\"wpcf7-form-control wpcf7-text\" aria-invalid=\"false\" placeholder=\"Votre Site Web\" \/><\/span>\n\t\t<\/div>\n<div class=\"col-sm-12\">\n\t\t\t<span class=\"wpcf7-form-control-wrap your-message\"><textarea name=\"your-message\" cols=\"40\" rows=\"10\" class=\"wpcf7-form-control wpcf7-textarea\" aria-invalid=\"false\" placeholder=\"Votre Message*\"><\/textarea><\/span>\n\t\t<\/div>\n<div class=\"col-sm-12\">\n<div class=\"submit-center\"><input type=\"submit\" value=\"Envoyer le message\" class=\"wpcf7-form-control wpcf7-submit\" \/><\/div><\/div>\n<\/div>\n<div class=\"wpcf7-response-output\" role=\"alert\" aria-hidden=\"true\"><\/div><\/form><\/div>[\/vc_column][\/vc_row][vc_row full_width=&#8221;stretch_row&#8221; css=&#8221;.vc_custom_1534412942726{padding-top: 55px !important;padding-bottom: 40px !important;background-color: #f0f0f0 !important;}&#8221; el_id=&#8221;rs-services&#8221; el_class=&#8221;services-three&#8221;][vc_column]\r\n        <div class=\"rs-heading  vc_custom_1582813374175 border-style center\">\r\n        \t<div class=\"title-inner\">\r\n\t            \r\n\t            <h2>Nos Secteurs d'Activit\u00e9<\/h2>\r\n\t        <\/div><\/div>[vc_row_inner][vc_column_inner width=&#8221;1\/3&#8243;]<div class=\"rs-services\"><div class=\"service-inner services-style-2 center  \">\n\t\t<div class=\"services-wrap\"> \n         <div class=\"services-item\">\n            <div class=\"services-icon\">\n                <a href=\"http:\/\/keenitsolutions.com\/products\/wordpress\/batiment\/service-details-carpenter\/\" title=\"\"><img src=\"https:\/\/edifys-charpente.com\/wp-content\/uploads\/2020\/03\/top.jpeg\" alt=\"Collectivit\u00e9s\" \/><\/a>\n             <\/div>\n        \n\t\t<div class=\"services-desc\">\n\t\t\t<h3 class=\"services-title services-title2\"><a href=\"http:\/\/keenitsolutions.com\/products\/wordpress\/batiment\/service-details-carpenter\/\" title=\"\">Collectivit\u00e9s<\/a><\/h3>\n\t\t\t<p><\/p>\n\t\t\t\n\t\t<\/div>\t\t\n\t\t<\/div>\t\n\t<\/div>\n\t<\/div><\/div><div class=\"rs-services\"><div class=\"service-inner services-style-2 center  \">\n\t\t<div class=\"services-wrap\"> \n         <div class=\"services-item\">\n            <div class=\"services-icon\">\n                <a href=\"http:\/\/keenitsolutions.com\/products\/wordpress\/batiment\/service-details-carpenter\/\" title=\"\"><img src=\"https:\/\/edifys-charpente.com\/wp-content\/uploads\/2020\/03\/DACHPLANE_Dach_gr.jpg\" alt=\"Sinitres &amp; Urgences\" \/><\/a>\n             <\/div>\n        \n\t\t<div class=\"services-desc\">\n\t\t\t<h3 class=\"services-title services-title2\"><a href=\"http:\/\/keenitsolutions.com\/products\/wordpress\/batiment\/service-details-carpenter\/\" title=\"\">Sinitres &amp; Urgences<\/a><\/h3>\n\t\t\t<p><\/p>\n\t\t\t\n\t\t<\/div>\t\t\n\t\t<\/div>\t\n\t<\/div>\n\t<\/div><\/div>[\/vc_column_inner][vc_column_inner width=&#8221;1\/3&#8243;]<div class=\"rs-services\"><div class=\"service-inner services-style-2 center  \">\n\t\t<div class=\"services-wrap\"> \n         <div class=\"services-item\">\n            <div class=\"services-icon\">\n                <a href=\"http:\/\/keenitsolutions.com\/products\/wordpress\/batiment\/service-details-carpenter\/\" title=\"\"><img src=\"https:\/\/edifys-charpente.com\/wp-content\/uploads\/2020\/03\/maison-vente-particulier-\u00e0-particulier-1024x768.jpg\" alt=\"Particuliers\" \/><\/a>\n             <\/div>\n        \n\t\t<div class=\"services-desc\">\n\t\t\t<h3 class=\"services-title services-title2\"><a href=\"http:\/\/keenitsolutions.com\/products\/wordpress\/batiment\/service-details-carpenter\/\" title=\"\">Particuliers<\/a><\/h3>\n\t\t\t<p><\/p>\n\t\t\t\n\t\t<\/div>\t\t\n\t\t<\/div>\t\n\t<\/div>\n\t<\/div><\/div><div class=\"rs-services\"><div class=\"service-inner services-style-2 center  \">\n\t\t<div class=\"services-wrap\"> \n         <div class=\"services-item\">\n            <div class=\"services-icon\">\n                <a href=\"http:\/\/keenitsolutions.com\/products\/wordpress\/batiment\/service-details-carpenter\/\" title=\"\"><img src=\"https:\/\/edifys-charpente.com\/wp-content\/uploads\/2020\/03\/rockefeller-hp-portfolio.jpg\" alt=\"Entreprises\" \/><\/a>\n             <\/div>\n        \n\t\t<div class=\"services-desc\">\n\t\t\t<h3 class=\"services-title services-title2\"><a href=\"http:\/\/keenitsolutions.com\/products\/wordpress\/batiment\/service-details-carpenter\/\" title=\"\">Entreprises<\/a><\/h3>\n\t\t\t<p><\/p>\n\t\t\t\n\t\t<\/div>\t\t\n\t\t<\/div>\t\n\t<\/div>\n\t<\/div><\/div>[\/vc_column_inner][vc_column_inner width=&#8221;1\/3&#8243;]<div class=\"rs-services\"><div class=\"service-inner services-style-2 center  \">\n\t\t<div class=\"services-wrap\"> \n         <div class=\"services-item\">\n            <div class=\"services-icon\">\n                <a href=\"http:\/\/keenitsolutions.com\/products\/wordpress\/batiment\/service-details-carpenter\/\" title=\"\"><img src=\"https:\/\/edifys-charpente.com\/wp-content\/uploads\/2020\/03\/1940.jpg\" alt=\"Sites Industriels\" \/><\/a>\n             <\/div>\n        \n\t\t<div class=\"services-desc\">\n\t\t\t<h3 class=\"services-title services-title2\"><a href=\"http:\/\/keenitsolutions.com\/products\/wordpress\/batiment\/service-details-carpenter\/\" title=\"\">Sites Industriels<\/a><\/h3>\n\t\t\t<p><\/p>\n\t\t\t\n\t\t<\/div>\t\t\n\t\t<\/div>\t\n\t<\/div>\n\t<\/div><\/div><div class=\"rs-services\"><div class=\"service-inner services-style-2 center  \">\n\t\t<div class=\"services-wrap\"> \n         <div class=\"services-item\">\n            <div class=\"services-icon\">\n                <a href=\"http:\/\/keenitsolutions.com\/products\/wordpress\/batiment\/service-details-carpenter\/\" title=\"\"><img src=\"https:\/\/edifys-charpente.com\/wp-content\/uploads\/2020\/03\/Asbestos-Removal.jpg\" alt=\"Toits Amiant\u00e9s\" \/><\/a>\n             <\/div>\n        \n\t\t<div class=\"services-desc\">\n\t\t\t<h3 class=\"services-title services-title2\"><a href=\"http:\/\/keenitsolutions.com\/products\/wordpress\/batiment\/service-details-carpenter\/\" title=\"\">Toits Amiant\u00e9s<\/a><\/h3>\n\t\t\t<p><\/p>\n\t\t\t\n\t\t<\/div>\t\t\n\t\t<\/div>\t\n\t<\/div>\n\t<\/div><\/div>[\/vc_column_inner][\/vc_row_inner][\/vc_column][\/vc_row][vc_row full_width=&#8221;stretch_row_content_no_spaces&#8221; equal_height=&#8221;yes&#8221; content_placement=&#8221;middle&#8221; css=&#8221;.vc_custom_1535350657335{padding-top: 0px !important;padding-bottom: 0px !important;}&#8221; el_class=&#8221;choose-sec&#8221; el_id=&#8221;carpentervideo&#8221;][vc_column width=&#8221;1\/2&#8243; css=&#8221;.vc_custom_1535350783693{padding-top: 0px !important;padding-bottom: 0px !important;background-image: url(http:\/\/edifys-charpente.com\/wp-content\/uploads\/2018\/08\/11.jpg?id=3267) !important;background-position: center !important;background-repeat: no-repeat !important;background-size: cover !important;}&#8221;]<div class=\"rs-video-2\">\r\n\t\t\t\t\t    <img src=\"https:\/\/edifys-charpente.com\/wp-content\/uploads\/2018\/08\/11.jpg\" alt=\"\">\r\n\t\t\t\t\t    <a class=\"popup-videos\" href=\"https:\/\/www.youtube.com\/watch?v=IqSafVpWkyc\" title=\"\">\r\n\t\t\t\t\t\t\t<i class=\"fa fa-play\"><\/i>\r\n\t\t\t\t\t\t<\/a>\r\n\t\t\t\t\t    <div class=\"overly-border\"><\/div>\r\n\t\t\t\t\t<\/div>[\/vc_column][vc_column width=&#8221;1\/2&#8243; css=&#8221;.vc_custom_1534576076897{padding-top: 100px !important;padding-right: 80px !important;padding-bottom: 109px !important;padding-left: 80px !important;background-color: #303745 !important;}&#8221;]\r\n        <div class=\"rs-heading   \">\r\n        \t<div class=\"title-inner\">\r\n\t            \r\n\t            <h2 style=\"color: #ffffff\">Notre Sp\u00e9cialit\u00e9, Votre S\u00e9r\u00e9nit\u00e9<\/h2>\r\n\t        <\/div><div class=\"description\"><p><strong>Votre toiture est la pi\u00e8ce ma\u00eetresse de votre b\u00e2timent<\/strong><\/p>\n<p>Quel qu\u2019en soit la nature ou l&#8217;usage, \u00e0 titre professionnel ou d&#8217;habitation. C&#8217;est la barri\u00e8re de protection de votre b\u00e2timent, la n\u00e9gliger serait mettre en danger ce qui se trouve en-dessous. Elle prot\u00e8ge des intemp\u00e9ries, elle isole des effets climatiques et embellie votre bien. Sa sant\u00e9 d\u00e9pend de la qualit\u00e9 et de la valeur que vous lui apportez.<\/p><\/div><\/div>[vc_row_inner][vc_column_inner width=&#8221;1\/2&#8243;][vc_column_text]<\/p>\n<ul class=\"check-arrow\">\n<li>\u00c9quipe de professionnels agr\u00e9es<\/li>\n<li>R\u00e9paration &amp; Entretien<\/li>\n<li>Tout type de toitures et terrasses<\/li>\n<\/ul>\n<p>[\/vc_column_text][\/vc_column_inner][vc_column_inner width=&#8221;1\/2&#8243;][vc_column_text]<\/p>\n<ul class=\"check-arrow\">\n<li>Intervention en 24h<\/li>\n<li>Devis Gratuit<\/li>\n<li>24\/7 Support\u00a0Client<\/li>\n<\/ul>\n<p>[\/vc_column_text][\/vc_column_inner][\/vc_row_inner][\/vc_column][\/vc_row][vc_row][vc_column][vc_empty_space]\r\n        <div class=\"rs-heading  vc_custom_1583397605708 border-style center\">\r\n        \t<div class=\"title-inner\">\r\n\t            \r\n\t            <h2>Nos Partenaires<\/h2>\r\n\t        <\/div><\/div><div class=\"rs-partner  \">           \r\n\t\t\t\t\t<div class=\"partner-carousel owl-carousel\" data-carousel-options=\"{&quot;nav&quot;:true,&quot;navText&quot;:[&quot;&lt;i class=&#039;fa fa-angle-left&#039;&gt;&lt;\\\/i&gt;&quot;,&quot;&lt;i class=&#039;fa fa-angle-right&#039;&gt;&lt;\\\/i&gt;&quot;],&quot;dots&quot;:false,&quot;autoplay&quot;:true,&quot;autoplayTimeout&quot;:&quot;5000&quot;,&quot;autoplaySpeed&quot;:&quot;200&quot;,&quot;autoplayHoverPause&quot;:true,&quot;loop&quot;:true,&quot;margin&quot;:30,&quot;responsive&quot;:{&quot;0&quot;:{&quot;items&quot;:&quot;1&quot;},&quot;480&quot;:{&quot;items&quot;:&quot;2&quot;},&quot;768&quot;:{&quot;items&quot;:&quot;3&quot;},&quot;992&quot;:{&quot;items&quot;:&quot;6&quot;},&quot;1200&quot;:{&quot;items&quot;:&quot;6&quot;}}}\"><div class=\"partner-item\">\r\n\t\t\t\t<a href=\"#\" target=\"_blank\"><img src=\"https:\/\/edifys-charpente.com\/wp-content\/uploads\/2018\/05\/Poliexpert-Logo.png\" alt=\"Poliexpert\"><\/a>\r\n\t\t\t\t<\/div><div class=\"partner-item\">\r\n\t\t\t\t<a href=\"#\" target=\"_blank\"><img src=\"https:\/\/edifys-charpente.com\/wp-content\/uploads\/2018\/05\/credit_mutuel_logo-800x450-c-default.png\" alt=\"Cr\u00e9dit Mutuel\"><\/a>\r\n\t\t\t\t<\/div><div class=\"partner-item\">\r\n\t\t\t\t<a href=\"#\" target=\"_blank\"><img src=\"https:\/\/edifys-charpente.com\/wp-content\/uploads\/2018\/05\/dynaren.png\" alt=\"Dynaren\"><\/a>\r\n\t\t\t\t<\/div><div class=\"partner-item\">\r\n\t\t\t\t<a href=\"#\" target=\"_blank\"><img src=\"https:\/\/edifys-charpente.com\/wp-content\/uploads\/2018\/05\/Groupe-Crdit-Agricole-logo.png\" alt=\"Cr\u00e9dit Agricole\"><\/a>\r\n\t\t\t\t<\/div><\/div>\r\n\t<\/div>[vc_empty_space][\/vc_column][\/vc_row][vc_row full_width=&#8221;stretch_row&#8221; css=&#8221;.vc_custom_1530006716912{padding-top: 55px !important;padding-bottom: 115px !important;background-color: #f0f0f0 !important;}&#8221; el_id=&#8221;rs-blog&#8221;][vc_column]\r\n        <div class=\"rs-heading  vc_custom_1583239155969 border-style center\">\r\n        \t<div class=\"title-inner\">\r\n\t            \r\n\t            <h2>Nos Articles<\/h2>\r\n\t        <\/div><\/div><div class=\"rs-blog home-blog-area \">\r\n\t\t<div class=\"blog-carousel blog-slider owl-carousel owl-navigation-yes\" data-carousel-options=\"{&quot;nav&quot;:false,&quot;navText&quot;:[&quot;&lt;i class=&#039;fa fa-angle-left&#039;&gt;&lt;\\\/i&gt;&quot;,&quot;&lt;i class=&#039;fa fa-angle-right&#039;&gt;&lt;\\\/i&gt;&quot;],&quot;dots&quot;:true,&quot;autoplay&quot;:true,&quot;autoplayTimeout&quot;:&quot;5000&quot;,&quot;stagePadding&quot;:0,&quot;autoplaySpeed&quot;:&quot;200&quot;,&quot;autoplayHoverPause&quot;:true,&quot;loop&quot;:true,&quot;margin&quot;:20,&quot;items&quot;:3,&quot;responsive&quot;:{&quot;0&quot;:{&quot;items&quot;:&quot;1&quot;},&quot;480&quot;:{&quot;items&quot;:&quot;2&quot;},&quot;768&quot;:{&quot;items&quot;:&quot;3&quot;},&quot;992&quot;:{&quot;items&quot;:&quot;3&quot;},&quot;1200&quot;:{&quot;items&quot;:&quot;3&quot;}}}\"><div class=\"blog-item\">\r\n\t\t\t\t\t\t<div class=\"blog-img\">\r\n                            <img src=\"https:\/\/edifys-charpente.com\/wp-content\/uploads\/2020\/03\/leaky-roof-in-vero-beach-1024x536.jpg\" alt=\"Fuite d&#8217;eau par la toiture : Comment r\u00e9agir ?\" \/>\r\n                        <\/div>\r\n                        <div class=\"blog-content\">\r\n                            <div class=\"display-table\">\r\n                                <div class=\"display-table-cell\">\r\n                                \t<div class=\"blog-date\">\r\n                                \t\t3 mars 2020\r\n                                \t<\/div>\r\n                                    <h3><a href=\"https:\/\/edifys-charpente.com\/?post_type=post&p=3644\">Fuite d&#8217;eau par la toiture : Comment r\u00e9agir ?<\/a><\/h3><\/div>\r\n                            <\/div>\r\n                        <\/div>\r\n                    <\/div><div class=\"blog-item\">\r\n\t\t\t\t\t\t<div class=\"blog-img\">\r\n                            <img src=\"https:\/\/edifys-charpente.com\/wp-content\/uploads\/2020\/03\/381667-photography-nature-landscape-house-clouds-storm-748x499.jpeg\" alt=\"Intemp\u00e9ries en Savoie, quelles cons\u00e9quences pour votre toiture ?\" \/>\r\n                        <\/div>\r\n                        <div class=\"blog-content\">\r\n                            <div class=\"display-table\">\r\n                                <div class=\"display-table-cell\">\r\n                                \t<div class=\"blog-date\">\r\n                                \t\t3 mars 2020\r\n                                \t<\/div>\r\n                                    <h3><a href=\"https:\/\/edifys-charpente.com\/?post_type=post&p=3635\">Intemp\u00e9ries en Savoie, quelles cons\u00e9quences pour votre toiture ?<\/a><\/h3><\/div>\r\n                            <\/div>\r\n                        <\/div>\r\n                    <\/div><div class=\"blog-item\">\r\n\t\t\t\t\t\t<div class=\"blog-img\">\r\n                            <img src=\"https:\/\/edifys-charpente.com\/wp-content\/uploads\/2018\/05\/seattle-asbestos-removal-residential-asbestos-removal-2_orig.jpg\" alt=\"De l&#8217;amiante sur votre toit &#8211; Quels sont les risques ?\" \/>\r\n                        <\/div>\r\n                        <div class=\"blog-content\">\r\n                            <div class=\"display-table\">\r\n                                <div class=\"display-table-cell\">\r\n                                \t<div class=\"blog-date\">\r\n                                \t\t14 mai 2018\r\n                                \t<\/div>\r\n                                    <h3><a href=\"https:\/\/edifys-charpente.com\/?post_type=post&p=1162\">De l&#8217;amiante sur votre toit &#8211; Quels sont les risques ?<\/a><\/h3><\/div>\r\n                            <\/div>\r\n                        <\/div>\r\n                    <\/div><\/div>\r\n\t\t\t<\/div>[\/vc_column][\/vc_row]<\/p>\n","protected":false},"excerpt":{"rendered":"<p>[vc_row css=&#8221;.vc_custom_1534410962071{padding-top: 88px !important;padding-right: 0px !important;padding-bottom: 100px !important;padding-left: 0px !important;}&#8221; el_id=&#8221;rs-about&#8221; el_class=&#8221;choose-us registration rs-about-carpenter&#8221;][vc_column width=&#8221;7\/12&#8243;][\/vc_column][vc_column width=&#8221;5\/12&#8243; el_class=&#8221;registration-form&#8221; el_id=&#8221;registration-carpenter&#8221;][\/vc_column][\/vc_row][vc_row full_width=&#8221;stretch_row&#8221; css=&#8221;.vc_custom_1534412942726{padding-top:&#8230;<\/p>\n","protected":false},"author":1,"featured_media":0,"parent":0,"menu_order":0,"comment_status":"closed","ping_status":"closed","template":"","meta":[],"yoast_head":"<!-- This site is optimized with the Yoast SEO plugin v14.9 - https:\/\/yoast.com\/wordpress\/plugins\/seo\/ -->\n<title>Edifys Charpente - Edifys<\/title>\n<meta name=\"robots\" content=\"index, follow, max-snippet:-1, max-image-preview:large, max-video-preview:-1\" \/>\n<link rel=\"canonical\" href=\"https:\/\/edifys-charpente.com\/\" \/>\n<meta property=\"og:locale\" content=\"fr_FR\" \/>\n<meta property=\"og:type\" content=\"article\" \/>\n<meta property=\"og:title\" content=\"Edifys Charpente - Edifys\" \/>\n<meta property=\"og:description\" content=\"[vc_row css=&#8221;.vc_custom_1534410962071{padding-top: 88px !important;padding-right: 0px !important;padding-bottom: 100px !important;padding-left: 0px !important;}&#8221; el_id=&#8221;rs-about&#8221; el_class=&#8221;choose-us registration rs-about-carpenter&#8221;][vc_column width=&#8221;7\/12&#8243;][\/vc_column][vc_column width=&#8221;5\/12&#8243; el_class=&#8221;registration-form&#8221; el_id=&#8221;registration-carpenter&#8221;][\/vc_column][\/vc_row][vc_row full_width=&#8221;stretch_row&#8221; css=&#8221;.vc_custom_1534412942726{padding-top:...\" \/>\n<meta property=\"og:url\" content=\"https:\/\/edifys-charpente.com\/\" \/>\n<meta property=\"og:site_name\" content=\"Edifys\" \/>\n<meta property=\"article:modified_time\" content=\"2020-03-05T08:51:00+00:00\" \/>\n<meta property=\"og:image\" content=\"http:\/\/edifys-charpente.com\/wp-content\/uploads\/2020\/02\/Alice_Sara_Ott_-_Signature-300x114.jpg\" \/>\n<meta name=\"twitter:card\" content=\"summary_large_image\" \/>\n<script type=\"application\/ld+json\" class=\"yoast-schema-graph\">{\"@context\":\"https:\/\/schema.org\",\"@graph\":[{\"@type\":\"WebSite\",\"@id\":\"https:\/\/edifys-charpente.com\/#website\",\"url\":\"https:\/\/edifys-charpente.com\/\",\"name\":\"Edifys\",\"description\":\"\",\"potentialAction\":[{\"@type\":\"SearchAction\",\"target\":\"https:\/\/edifys-charpente.com\/?s={search_term_string}\",\"query-input\":\"required name=search_term_string\"}],\"inLanguage\":\"fr-FR\"},{\"@type\":\"ImageObject\",\"@id\":\"https:\/\/edifys-charpente.com\/#primaryimage\",\"inLanguage\":\"fr-FR\",\"url\":\"http:\/\/edifys-charpente.com\/wp-content\/uploads\/2020\/02\/Alice_Sara_Ott_-_Signature-300x114.jpg\"},{\"@type\":\"WebPage\",\"@id\":\"https:\/\/edifys-charpente.com\/#webpage\",\"url\":\"https:\/\/edifys-charpente.com\/\",\"name\":\"Edifys Charpente - Edifys\",\"isPartOf\":{\"@id\":\"https:\/\/edifys-charpente.com\/#website\"},\"primaryImageOfPage\":{\"@id\":\"https:\/\/edifys-charpente.com\/#primaryimage\"},\"datePublished\":\"2018-08-17T08:34:39+00:00\",\"dateModified\":\"2020-03-05T08:51:00+00:00\",\"inLanguage\":\"fr-FR\",\"potentialAction\":[{\"@type\":\"ReadAction\",\"target\":[\"https:\/\/edifys-charpente.com\/\"]}]}]}<\/script>\n<!-- \/ Yoast SEO plugin. -->","_links":{"self":[{"href":"https:\/\/edifys-charpente.com\/index.php\/wp-json\/wp\/v2\/pages\/3265"}],"collection":[{"href":"https:\/\/edifys-charpente.com\/index.php\/wp-json\/wp\/v2\/pages"}],"about":[{"href":"https:\/\/edifys-charpente.com\/index.php\/wp-json\/wp\/v2\/types\/page"}],"author":[{"embeddable":true,"href":"https:\/\/edifys-charpente.com\/index.php\/wp-json\/wp\/v2\/users\/1"}],"replies":[{"embeddable":true,"href":"https:\/\/edifys-charpente.com\/index.php\/wp-json\/wp\/v2\/comments?post=3265"}],"version-history":[{"count":27,"href":"https:\/\/edifys-charpente.com\/index.php\/wp-json\/wp\/v2\/pages\/3265\/revisions"}],"predecessor-version":[{"id":3694,"href":"https:\/\/edifys-charpente.com\/index.php\/wp-json\/wp\/v2\/pages\/3265\/revisions\/3694"}],"wp:attachment":[{"href":"https:\/\/edifys-charpente.com\/index.php\/wp-json\/wp\/v2\/media?parent=3265"}],"curies":[{"name":"wp","href":"https:\/\/api.w.org\/{rel}","templated":true}]}}