{"id":3729,"date":"2020-03-05T15:38:15","date_gmt":"2020-03-05T14:38:15","guid":{"rendered":"http:\/\/edifys-charpente.com\/?page_id=3729"},"modified":"2020-03-05T21:12:02","modified_gmt":"2020-03-05T20:12:02","slug":"diagnostic-toiture","status":"publish","type":"page","link":"https:\/\/edifys-charpente.com\/index.php\/diagnostic-toiture\/","title":{"rendered":"Diagnostic"},"content":{"rendered":"<p>[vc_row css=&#8221;.vc_custom_1529648610503{padding-top: 93px !important;padding-bottom: 20px !important;}&#8221;][vc_column]\r\n        <div class=\"rs-heading  border-style center\">\r\n        \t<div class=\"title-inner\">\r\n\t            \r\n\t            <h2>Diagnostic<\/h2>\r\n\t        <\/div><\/div>[vc_column_text el_class=&#8221;width80&#8243;]<\/p>\n<p class=\"p1\" style=\"text-align: center;\">Que vous soyez professionnels ou particuliers, le diagnostic toiture vous permettra de v\u00e9rifier r\u00e9guli\u00e8rement votre toit, \u00e0 la recherche \u00e9ventuelles de fuites ou de dommages. Nous intervenons chez vous, \u00e9tablissons la pr\u00e9sente ou non de fuites ou autres dommages qui pourraient abimer votre toiture, et r\u00e9parons si besoin. Avec le diagnostic toiture, faites contr\u00f4ler votre toit avant qu&#8217;il ne soit trop tard !<\/p>\n<p>[\/vc_column_text][\/vc_column][\/vc_row][vc_row css=&#8221;.vc_custom_1529646280659{margin-top: 0px !important;margin-bottom: 100px !important;padding-top: 50px !important;padding-right: 50px !important;padding-bottom: 50px !important;padding-left: 50px !important;background-color: #f7f7f7 !important;}&#8221; el_id=&#8221;rs-about&#8221; el_class=&#8221;rs-about1&#8243;][vc_column][vc_row_inner][vc_column_inner width=&#8221;5\/12&#8243;][vc_single_image image=&#8221;3732&#8243; img_size=&#8221;full&#8221; alignment=&#8221;center&#8221; style=&#8221;vc_box_shadow_border&#8221; css=&#8221;.vc_custom_1583421233640{margin-bottom: 30px !important;}&#8221;][\/vc_column_inner][vc_column_inner width=&#8221;7\/12&#8243;][vc_column_text]<\/p>\n<h4><strong><em>Une anticipation ainsi qu&#8217;un diagnostic toiture limite les risques<\/em><\/strong><\/h4>\n<p>Votre toiture est un \u00e9l\u00e9ment essentiel \u00e0 votre b\u00e2timent. Que vous soyez professionnel ou particulier, il est important d&#8217;effectuer r\u00e9guli\u00e8rement un diagnostic toiture afin de limiter les risques de dommages qui pourraient \u00eatre fatales pour votre b\u00e2timent.<\/p>\n<p>R\u00e9aliser un audit de votre toiture avec Edifys permet de d\u00e9celer des \u00e9ventuelles fuites ou des \u00e9l\u00e9ments qui ont besoin d&#8217;\u00eatre r\u00e9par\u00e9. N&#8217;h\u00e9sitez pas \u00e0 nous contacter pour prendre RDV ![\/vc_column_text][\/vc_column_inner][\/vc_row_inner][\/vc_column][\/vc_row][vc_row full_width=&#8221;stretch_row_content_no_spaces&#8221; content_placement=&#8221;middle&#8221; css=&#8221;.vc_custom_1583422065262{padding-top: 0px !important;padding-bottom: 0px !important;background-image: url(http:\/\/edifys-charpente.com\/wp-content\/uploads\/2020\/03\/maxresdefault.jpg?id=3740) !important;background-position: center !important;background-repeat: no-repeat !important;background-size: cover !important;}&#8221; el_id=&#8221;we-offer&#8221; el_class=&#8221;we-offer&#8221;][vc_column width=&#8221;1\/2&#8243; css=&#8221;.vc_custom_1529655764092{padding-top: 91px !important;padding-right: 80px !important;padding-bottom: 60px !important;padding-left: 120px !important;background-color: #f5f5f5 !important;}&#8221; el_id=&#8221;included-left&#8221;][vc_column_text]<\/p>\n<h2 class=\"upper border-style2\">Audit de votre toiture<\/h2>\n<p>Un diagnostic toiture permet de v\u00e9rifier la trace d&#8217;\u00e9ventuelles fuites, ou d&#8217;\u00e9l\u00e9ments qui pourraient \u00eatre \u00e0 r\u00e9parer sur votre toit. Anticiper, c&#8217;est \u00e9viter des dommages qui pourraient vous co\u00fbter cher \u00e0 long terme.[\/vc_column_text]\n\t\t<div class=\"rs-services1 left\">\n\t\t<div class=\"services-wrap  \"> \n         <div class=\"services-item\">\n            <div class=\"services-icon\">\n                <i class=\"fa fa-gavel\"><\/i>\n             <\/div>\n        \n\t\t\t<div class=\"services-desc\">\n\t\t\t\t<h3 class=\"services-title services-title2\"><a >La Recherche de Fuites<\/a><\/h3>\n\t\t\t\t<p>La premi\u00e8re \u00e9tape consiste \u00e0 rechercher la pr\u00e9sence de fuites sur votre toit. L&#8217;infiltration par toiture pourrait \u00eatre fatal pour votre b\u00e2timent.<\/p>\n\t\t\t\t\n\t\t\t\t<\/div>\n\t\t\t<\/div>\t\n\t\t<\/div><\/div>\n\t\n\t\t<div class=\"rs-services1 left\">\n\t\t<div class=\"services-wrap  \"> \n         <div class=\"services-item\">\n            <div class=\"services-icon\">\n                <i class=\"fa fa-print\"><\/i>\n             <\/div>\n        \n\t\t\t<div class=\"services-desc\">\n\t\t\t\t<h3 class=\"services-title services-title2\"><a >Diagnostic Bilan<\/a><\/h3>\n\t\t\t\t<p>La r\u00e9alisation d\u2019un bilan toiture permet d\u2019avoir une vue d&#8217;ensemble, claire et pr\u00e9cise sur de la couverture du b\u00e2timent et de son \u00e9tat. Ce bilan vous est rendu \u00e0 la fin du diagnostic de votre toiture.<\/p>\n\t\t\t\t\n\t\t\t\t<\/div>\n\t\t\t<\/div>\t\n\t\t<\/div><\/div>\n\t\n\t\t<div class=\"rs-services1 left\">\n\t\t<div class=\"services-wrap  \"> \n         <div class=\"services-item\">\n            <div class=\"services-icon\">\n                <i class=\"fa fa-tasks\"><\/i>\n             <\/div>\n        \n\t\t\t<div class=\"services-desc\">\n\t\t\t\t<h3 class=\"services-title services-title2\"><a >R\u00e9parations Eventuelles<\/a><\/h3>\n\t\t\t\t<p>Suite au diagnostic, des r\u00e9parations pourront \u00eatre n\u00e9cessaires ; notamment en cas de d\u00e9couverte de fuites pendant l&#8217;audit.<\/p>\n\t\t\t\t\n\t\t\t\t<\/div>\n\t\t\t<\/div>\t\n\t\t<\/div><\/div>\n\t[\/vc_column][vc_column width=&#8221;1\/2&#8243; css=&#8221;.vc_custom_1529647017658{padding-top: 0px !important;padding-right: 0px !important;padding-bottom: 0px !important;padding-left: 0px !important;}&#8221;][\/vc_column][\/vc_row][vc_row full_width=&#8221;stretch_row&#8221; content_placement=&#8221;middle&#8221; el_id=&#8221;cta-sec&#8221; css=&#8221;.vc_custom_1525770342759{padding-top: 35px !important;padding-bottom: 35px !important;background-color: #fbc02d !important;}&#8221;][vc_column width=&#8221;1\/6&#8243;][vc_single_image image=&#8221;2073&#8243; img_size=&#8221;full&#8221;][\/vc_column][vc_column width=&#8221;7\/12&#8243;][vc_column_text el_class=&#8221;callto-desc&#8221;]<\/p>\n<p class=\"call-subtitle\">Besoin d&#8217;un diagnostic ?<\/p>\n<p class=\"call-title\">Contactez Edifys !<\/p>\n<p>[\/vc_column_text][\/vc_column][vc_column width=&#8221;1\/4&#8243;][vc_column_text el_class=&#8221;text-right&#8221;]<a class=\"readon\" href=\"http:\/\/edifys-charpente.com\/index.php\/contact\/\">DEMANDER UN DEVIS<\/a>[\/vc_column_text][\/vc_column][\/vc_row]<\/p>\n","protected":false},"excerpt":{"rendered":"<p>[vc_row css=&#8221;.vc_custom_1529648610503{padding-top: 93px !important;padding-bottom: 20px !important;}&#8221;][vc_column][vc_column_text el_class=&#8221;width80&#8243;] Que vous soyez professionnels ou particuliers, le diagnostic toiture vous permettra de v\u00e9rifier&#8230;<\/p>\n","protected":false},"author":1,"featured_media":0,"parent":0,"menu_order":0,"comment_status":"closed","ping_status":"closed","template":"","meta":[],"yoast_head":"<!-- This site is optimized with the Yoast SEO plugin v14.9 - https:\/\/yoast.com\/wordpress\/plugins\/seo\/ -->\n<title>Diagnostic - Edifys<\/title>\n<meta name=\"robots\" content=\"index, follow, max-snippet:-1, max-image-preview:large, max-video-preview:-1\" \/>\n<link rel=\"canonical\" href=\"https:\/\/edifys-charpente.com\/index.php\/diagnostic-toiture\/\" \/>\n<meta property=\"og:locale\" content=\"fr_FR\" \/>\n<meta property=\"og:type\" content=\"article\" \/>\n<meta property=\"og:title\" content=\"Diagnostic - Edifys\" \/>\n<meta property=\"og:description\" content=\"[vc_row css=&#8221;.vc_custom_1529648610503{padding-top: 93px !important;padding-bottom: 20px !important;}&#8221;][vc_column][vc_column_text el_class=&#8221;width80&#8243;] Que vous soyez professionnels ou particuliers, le diagnostic toiture vous permettra de v\u00e9rifier...\" \/>\n<meta property=\"og:url\" content=\"https:\/\/edifys-charpente.com\/index.php\/diagnostic-toiture\/\" \/>\n<meta property=\"og:site_name\" content=\"Edifys\" \/>\n<meta property=\"article:modified_time\" content=\"2020-03-05T20:12:02+00:00\" \/>\n<meta name=\"twitter:card\" content=\"summary_large_image\" \/>\n<script type=\"application\/ld+json\" class=\"yoast-schema-graph\">{\"@context\":\"https:\/\/schema.org\",\"@graph\":[{\"@type\":\"WebSite\",\"@id\":\"https:\/\/edifys-charpente.com\/#website\",\"url\":\"https:\/\/edifys-charpente.com\/\",\"name\":\"Edifys\",\"description\":\"\",\"potentialAction\":[{\"@type\":\"SearchAction\",\"target\":\"https:\/\/edifys-charpente.com\/?s={search_term_string}\",\"query-input\":\"required name=search_term_string\"}],\"inLanguage\":\"fr-FR\"},{\"@type\":\"WebPage\",\"@id\":\"https:\/\/edifys-charpente.com\/index.php\/diagnostic-toiture\/#webpage\",\"url\":\"https:\/\/edifys-charpente.com\/index.php\/diagnostic-toiture\/\",\"name\":\"Diagnostic - Edifys\",\"isPartOf\":{\"@id\":\"https:\/\/edifys-charpente.com\/#website\"},\"datePublished\":\"2020-03-05T14:38:15+00:00\",\"dateModified\":\"2020-03-05T20:12:02+00:00\",\"inLanguage\":\"fr-FR\",\"potentialAction\":[{\"@type\":\"ReadAction\",\"target\":[\"https:\/\/edifys-charpente.com\/index.php\/diagnostic-toiture\/\"]}]}]}<\/script>\n<!-- \/ Yoast SEO plugin. -->","_links":{"self":[{"href":"https:\/\/edifys-charpente.com\/index.php\/wp-json\/wp\/v2\/pages\/3729"}],"collection":[{"href":"https:\/\/edifys-charpente.com\/index.php\/wp-json\/wp\/v2\/pages"}],"about":[{"href":"https:\/\/edifys-charpente.com\/index.php\/wp-json\/wp\/v2\/types\/page"}],"author":[{"embeddable":true,"href":"https:\/\/edifys-charpente.com\/index.php\/wp-json\/wp\/v2\/users\/1"}],"replies":[{"embeddable":true,"href":"https:\/\/edifys-charpente.com\/index.php\/wp-json\/wp\/v2\/comments?post=3729"}],"version-history":[{"count":9,"href":"https:\/\/edifys-charpente.com\/index.php\/wp-json\/wp\/v2\/pages\/3729\/revisions"}],"predecessor-version":[{"id":3744,"href":"https:\/\/edifys-charpente.com\/index.php\/wp-json\/wp\/v2\/pages\/3729\/revisions\/3744"}],"wp:attachment":[{"href":"https:\/\/edifys-charpente.com\/index.php\/wp-json\/wp\/v2\/media?parent=3729"}],"curies":[{"name":"wp","href":"https:\/\/api.w.org\/{rel}","templated":true}]}}