{"id":3742,"date":"2020-03-05T16:38:01","date_gmt":"2020-03-05T15:38:01","guid":{"rendered":"http:\/\/edifys-charpente.com\/?page_id=3742"},"modified":"2020-03-12T12:23:28","modified_gmt":"2020-03-12T11:23:28","slug":"entretien","status":"publish","type":"page","link":"https:\/\/edifys-charpente.com\/index.php\/entretien\/","title":{"rendered":"Entretien"},"content":{"rendered":"<p>[vc_row css=&#8221;.vc_custom_1529648610503{padding-top: 93px !important;padding-bottom: 20px !important;}&#8221;][vc_column]\r\n        <div class=\"rs-heading  border-style center\">\r\n        \t<div class=\"title-inner\">\r\n\t            \r\n\t            <h2>Entretien de votre toiture<\/h2>\r\n\t        <\/div><\/div>[vc_column_text el_class=&#8221;width80&#8243;]<\/p>\n<p class=\"p1\" style=\"text-align: center;\">Votre toiture subit ann\u00e9e apr\u00e8s ann\u00e9e les cons\u00e9quences du changement climatique, c&#8217;est pourquoi il est important de bien penser \u00e0 entretenir votre toit r\u00e9guli\u00e8rement ; que ce soit pour du d\u00e9moussage ou alors pour un ch\u00e9neau bouch\u00e9e, notre \u00e9quipe intervient rapidement pour entretenir votre toiture et ainsi continuer \u00e0 lui donner de la long\u00e9vit\u00e9.<\/p>\n<p>[\/vc_column_text][\/vc_column][\/vc_row][vc_row css=&#8221;.vc_custom_1529646280659{margin-top: 0px !important;margin-bottom: 100px !important;padding-top: 50px !important;padding-right: 50px !important;padding-bottom: 50px !important;padding-left: 50px !important;background-color: #f7f7f7 !important;}&#8221; el_id=&#8221;rs-about&#8221; el_class=&#8221;rs-about1&#8243;][vc_column][vc_row_inner][vc_column_inner width=&#8221;5\/12&#8243;][vc_single_image image=&#8221;3748&#8243; img_size=&#8221;full&#8221; alignment=&#8221;center&#8221; style=&#8221;vc_box_shadow_border&#8221; css=&#8221;.vc_custom_1583665457371{margin-bottom: 30px !important;}&#8221;][\/vc_column_inner][vc_column_inner width=&#8221;7\/12&#8243;][vc_column_text]<\/p>\n<h4><strong><em>Nous intervenons sur tous types de toiture<\/em><\/strong><\/h4>\n<p>Que vous soyez professionnel ou particulier, et que ce soit pour l&#8217;entretien d&#8217;une toiture terrasse, d&#8217;une toiture industrielle ou encore d&#8217;une toiture traditionnelle, notre \u00e9quipe intervient sur tous types de toiture.<\/p>\n<p>Entretenir son toit c&#8217;est anticiper des probl\u00e8mes qui pourraient \u00eatre cons\u00e9quents pour votre toiture et on\u00e9reux pour vous. Edifys intervient pour entretenir votre toit et ainsi vous assurer de son bon \u00e9tat.[\/vc_column_text][\/vc_column_inner][\/vc_row_inner][\/vc_column][\/vc_row][vc_row full_width=&#8221;stretch_row_content_no_spaces&#8221; content_placement=&#8221;middle&#8221; css=&#8221;.vc_custom_1583665775080{padding-top: 0px !important;padding-bottom: 0px !important;background-image: url(http:\/\/edifys-charpente.com\/wp-content\/uploads\/2020\/03\/hr2664019-16.jpg?id=3753) !important;background-position: center !important;background-repeat: no-repeat !important;background-size: cover !important;}&#8221; el_id=&#8221;we-offer&#8221; el_class=&#8221;we-offer&#8221;][vc_column width=&#8221;1\/2&#8243; css=&#8221;.vc_custom_1529655764092{padding-top: 91px !important;padding-right: 80px !important;padding-bottom: 60px !important;padding-left: 120px !important;background-color: #f5f5f5 !important;}&#8221; el_id=&#8221;included-left&#8221;][vc_column_text]<\/p>\n<h2 class=\"upper border-style2\">Entretien de votre toiture<\/h2>\n<p>Nous intervenons sur tous types de toiture pour entretenir votre toit ; toitures traditionnelles, toitures industrielles et toitures terrasses.[\/vc_column_text]\n\t\t<div class=\"rs-services1 left\">\n\t\t<div class=\"services-wrap  \"> \n         <div class=\"services-item\">\n            <div class=\"services-icon\">\n                <i class=\"fa fa-gavel\"><\/i>\n             <\/div>\n        \n\t\t\t<div class=\"services-desc\">\n\t\t\t\t<h3 class=\"services-title services-title2\"><a >Toiture Traditionnelle<\/a><\/h3>\n\t\t\t\t<p>Avec le temps, votre toiture se d\u00e9grade, l&#8217;entretien est indispensable pour d\u00e9celer les \u00e9ventuelles fuites, effectuer un d\u00e9moussage ou alors d\u00e9boucher un ch\u00e9neau.<\/p>\n\t\t\t\t\n\t\t\t\t<\/div>\n\t\t\t<\/div>\t\n\t\t<\/div><\/div>\n\t\n\t\t<div class=\"rs-services1 left\">\n\t\t<div class=\"services-wrap  \"> \n         <div class=\"services-item\">\n            <div class=\"services-icon\">\n                <i class=\"fa fa-print\"><\/i>\n             <\/div>\n        \n\t\t\t<div class=\"services-desc\">\n\t\t\t\t<h3 class=\"services-title services-title2\"><a >Toiture industrielle<\/a><\/h3>\n\t\t\t\t<p>Etant professionnel, vous \u00eates responsable de la toiture de votre b\u00e2timent. Que ce soit une toiture en bac acier ou en fibrociment, l&#8217;entretien permet de veiller \u00e0 son \u00e9tanch\u00e9it\u00e9 et \u00e9viter les d\u00e9g\u00e2ts li\u00e9s \u00e0 l&#8217;accumulation de branches ou de mousse.<\/p>\n\t\t\t\t\n\t\t\t\t<\/div>\n\t\t\t<\/div>\t\n\t\t<\/div><\/div>\n\t\n\t\t<div class=\"rs-services1 left\">\n\t\t<div class=\"services-wrap  \"> \n         <div class=\"services-item\">\n            <div class=\"services-icon\">\n                <i class=\"fa fa-tasks\"><\/i>\n             <\/div>\n        \n\t\t\t<div class=\"services-desc\">\n\t\t\t\t<h3 class=\"services-title services-title2\"><a >Toitures Terrasses<\/a><\/h3>\n\t\t\t\t<p>Que votre toiture soit v\u00e9g\u00e9talis\u00e9e ou non, l&#8217;entretien r\u00e9gulier de votre toiture permet d&#8217;anticiper et d&#8217;\u00e9viter les d\u00e9g\u00e2ts li\u00e9s aux fuites.<\/p>\n\t\t\t\t\n\t\t\t\t<\/div>\n\t\t\t<\/div>\t\n\t\t<\/div><\/div>\n\t[\/vc_column][vc_column width=&#8221;1\/2&#8243; css=&#8221;.vc_custom_1529647017658{padding-top: 0px !important;padding-right: 0px !important;padding-bottom: 0px !important;padding-left: 0px !important;}&#8221;][\/vc_column][\/vc_row][vc_row full_width=&#8221;stretch_row&#8221; content_placement=&#8221;middle&#8221; el_id=&#8221;cta-sec&#8221; css=&#8221;.vc_custom_1525770342759{padding-top: 35px !important;padding-bottom: 35px !important;background-color: #fbc02d !important;}&#8221;][vc_column width=&#8221;1\/6&#8243;][vc_single_image image=&#8221;2073&#8243; img_size=&#8221;full&#8221;][\/vc_column][vc_column width=&#8221;7\/12&#8243;][vc_column_text el_class=&#8221;callto-desc&#8221;]<\/p>\n<p class=\"call-subtitle\">Besoin d&#8217;un entretien ?<\/p>\n<p class=\"call-title\">Contactez Edifys !<\/p>\n<p>[\/vc_column_text][\/vc_column][vc_column width=&#8221;1\/4&#8243;][vc_column_text el_class=&#8221;text-right&#8221;]<a class=\"readon\" href=\"http:\/\/edifys-charpente.com\/index.php\/contact\/\">DEMANDER UN DEVIS<\/a>[\/vc_column_text][\/vc_column][\/vc_row]<\/p>\n","protected":false},"excerpt":{"rendered":"<p>[vc_row css=&#8221;.vc_custom_1529648610503{padding-top: 93px !important;padding-bottom: 20px !important;}&#8221;][vc_column][vc_column_text el_class=&#8221;width80&#8243;] Votre toiture subit ann\u00e9e apr\u00e8s ann\u00e9e les cons\u00e9quences du changement climatique, c&#8217;est pourquoi&#8230;<\/p>\n","protected":false},"author":1,"featured_media":0,"parent":0,"menu_order":0,"comment_status":"closed","ping_status":"closed","template":"","meta":[],"yoast_head":"<!-- This site is optimized with the Yoast SEO plugin v14.9 - https:\/\/yoast.com\/wordpress\/plugins\/seo\/ -->\n<title>Entretien - Edifys<\/title>\n<meta name=\"robots\" content=\"index, follow, max-snippet:-1, max-image-preview:large, max-video-preview:-1\" \/>\n<link rel=\"canonical\" href=\"https:\/\/edifys-charpente.com\/index.php\/entretien\/\" \/>\n<meta property=\"og:locale\" content=\"fr_FR\" \/>\n<meta property=\"og:type\" content=\"article\" \/>\n<meta property=\"og:title\" content=\"Entretien - Edifys\" \/>\n<meta property=\"og:description\" content=\"[vc_row css=&#8221;.vc_custom_1529648610503{padding-top: 93px !important;padding-bottom: 20px !important;}&#8221;][vc_column][vc_column_text el_class=&#8221;width80&#8243;] Votre toiture subit ann\u00e9e apr\u00e8s ann\u00e9e les cons\u00e9quences du changement climatique, c&#8217;est pourquoi...\" \/>\n<meta property=\"og:url\" content=\"https:\/\/edifys-charpente.com\/index.php\/entretien\/\" \/>\n<meta property=\"og:site_name\" content=\"Edifys\" \/>\n<meta property=\"article:modified_time\" content=\"2020-03-12T11:23:28+00:00\" \/>\n<meta name=\"twitter:card\" content=\"summary_large_image\" \/>\n<script type=\"application\/ld+json\" class=\"yoast-schema-graph\">{\"@context\":\"https:\/\/schema.org\",\"@graph\":[{\"@type\":\"WebSite\",\"@id\":\"https:\/\/edifys-charpente.com\/#website\",\"url\":\"https:\/\/edifys-charpente.com\/\",\"name\":\"Edifys\",\"description\":\"\",\"potentialAction\":[{\"@type\":\"SearchAction\",\"target\":\"https:\/\/edifys-charpente.com\/?s={search_term_string}\",\"query-input\":\"required name=search_term_string\"}],\"inLanguage\":\"fr-FR\"},{\"@type\":\"WebPage\",\"@id\":\"https:\/\/edifys-charpente.com\/index.php\/entretien\/#webpage\",\"url\":\"https:\/\/edifys-charpente.com\/index.php\/entretien\/\",\"name\":\"Entretien - Edifys\",\"isPartOf\":{\"@id\":\"https:\/\/edifys-charpente.com\/#website\"},\"datePublished\":\"2020-03-05T15:38:01+00:00\",\"dateModified\":\"2020-03-12T11:23:28+00:00\",\"inLanguage\":\"fr-FR\",\"potentialAction\":[{\"@type\":\"ReadAction\",\"target\":[\"https:\/\/edifys-charpente.com\/index.php\/entretien\/\"]}]}]}<\/script>\n<!-- \/ Yoast SEO plugin. -->","_links":{"self":[{"href":"https:\/\/edifys-charpente.com\/index.php\/wp-json\/wp\/v2\/pages\/3742"}],"collection":[{"href":"https:\/\/edifys-charpente.com\/index.php\/wp-json\/wp\/v2\/pages"}],"about":[{"href":"https:\/\/edifys-charpente.com\/index.php\/wp-json\/wp\/v2\/types\/page"}],"author":[{"embeddable":true,"href":"https:\/\/edifys-charpente.com\/index.php\/wp-json\/wp\/v2\/users\/1"}],"replies":[{"embeddable":true,"href":"https:\/\/edifys-charpente.com\/index.php\/wp-json\/wp\/v2\/comments?post=3742"}],"version-history":[{"count":9,"href":"https:\/\/edifys-charpente.com\/index.php\/wp-json\/wp\/v2\/pages\/3742\/revisions"}],"predecessor-version":[{"id":3783,"href":"https:\/\/edifys-charpente.com\/index.php\/wp-json\/wp\/v2\/pages\/3742\/revisions\/3783"}],"wp:attachment":[{"href":"https:\/\/edifys-charpente.com\/index.php\/wp-json\/wp\/v2\/media?parent=3742"}],"curies":[{"name":"wp","href":"https:\/\/api.w.org\/{rel}","templated":true}]}}