{"id":919,"date":"2018-05-14T12:51:40","date_gmt":"2018-05-14T12:51:40","guid":{"rendered":"http:\/\/keenitsolutions.com\/products\/wordpress\/rsconstruction\/?page_id=919"},"modified":"2020-03-12T10:40:05","modified_gmt":"2020-03-12T09:40:05","slug":"a-propos","status":"publish","type":"page","link":"https:\/\/edifys-charpente.com\/index.php\/a-propos\/","title":{"rendered":"\u00c0 propos"},"content":{"rendered":"<p>[vc_row full_width=&#8221;stretch_row&#8221; gap=&#8221;35&#8243; css=&#8221;.vc_custom_1529489363610{padding-top: 60px !important;padding-bottom: 60px !important;background-color: #ffffff !important;}&#8221;][vc_column width=&#8221;2\/3&#8243;]\r\n        <div class=\"rs-heading  border-style \">\r\n        \t<div class=\"title-inner\">\r\n\t            <span class=\"sub-text\">Qui Sommes Nous ?<\/span>\r\n\t            <h2>40 ans d'exp\u00e9rience<\/h2>\r\n\t        <\/div><\/div>[vc_column_text]Sp\u00e9cialis\u00e9 dans l&#8217;entretien et la r\u00e9paration de toiture, Edifys intervient sur tous types de toits (industriels, particuliers, toits-terrasses) dans l&#8217;objectif de maintenir leur long\u00e9vit\u00e9.<\/p>\n<p>De notre exp\u00e9rience, entretenir sa toiture pendant 20 ans, revient approximativement 5 fois moins cher que le prix de la r\u00e9fection totale de toiture. C&#8217;est pourquoi Edifys se charge de diagnostiquer votre toit, afin d&#8217;anticiper les accidents \u00e9ventuels qui pourraient entraver la long\u00e9vit\u00e9 de votre toiture. Nous pr\u00f4nons la r\u00e9paration et l&#8217;entretien au remplacement total dont le principal but est\u00a0 votre \u00e9conomie.[\/vc_column_text][vc_column_text css=&#8221;.vc_custom_1582810829623{margin-top: 44px !important;}&#8221;]<\/p>\n<figure id=\"attachment_3560\" aria-describedby=\"caption-attachment-3560\" style=\"width: 300px\" class=\"wp-caption alignleft\"><img loading=\"lazy\" class=\"size-medium wp-image-3560\" src=\"http:\/\/edifys-charpente.com\/wp-content\/uploads\/2020\/02\/Alice_Sara_Ott_-_Signature-300x114.jpg\" alt=\"\" width=\"300\" height=\"114\" srcset=\"https:\/\/edifys-charpente.com\/wp-content\/uploads\/2020\/02\/Alice_Sara_Ott_-_Signature-300x114.jpg 300w, https:\/\/edifys-charpente.com\/wp-content\/uploads\/2020\/02\/Alice_Sara_Ott_-_Signature-768x291.jpg 768w, https:\/\/edifys-charpente.com\/wp-content\/uploads\/2020\/02\/Alice_Sara_Ott_-_Signature-1024x388.jpg 1024w, https:\/\/edifys-charpente.com\/wp-content\/uploads\/2020\/02\/Alice_Sara_Ott_-_Signature-600x227.jpg 600w\" sizes=\"(max-width: 300px) 100vw, 300px\" \/><figcaption id=\"caption-attachment-3560\" class=\"wp-caption-text\"><strong style=\"font-size: 16px;\">Maxime Kerstenner<\/strong><span style=\"font-size: 16px;\"> &#8211; CEO &amp; Cr\u00e9ateur<\/span><\/figcaption><\/figure>\n<p>[\/vc_column_text][\/vc_column][vc_column width=&#8221;1\/3&#8243;][vc_single_image image=&#8221;3775&#8243; img_size=&#8221;full&#8221; style=&#8221;vc_box_shadow_border&#8221;][\/vc_column][\/vc_row][vc_row full_width=&#8221;stretch_row_content_no_spaces&#8221; content_placement=&#8221;middle&#8221; css=&#8221;.vc_custom_1584006003023{padding-top: 0px !important;padding-bottom: 0px !important;background-image: url(http:\/\/edifys-charpente.com\/wp-content\/uploads\/2020\/03\/maison-vente-particulier-\u00e0-particulier.jpg?id=3623) !important;}&#8221; el_id=&#8221;rs-about&#8221; el_class=&#8221;we-offer&#8221;][vc_column width=&#8221;1\/2&#8243; css=&#8221;.vc_custom_1528838300342{padding-top: 0px !important;padding-bottom: 0px !important;}&#8221;][\/vc_column][vc_column width=&#8221;1\/2&#8243; css=&#8221;.vc_custom_1529560530190{padding-top: 120px !important;padding-right: 80px !important;padding-bottom: 100px !important;padding-left: 80px !important;background-color: #f5f5f5 !important;}&#8221;]\r\n        <div class=\"rs-heading  vc_custom_1583849186495 border-style \">\r\n        \t<div class=\"title-inner\">\r\n\t            \r\n\t            <h2>Nos Prestations<\/h2>\r\n\t        <\/div><div class=\"description\"><p>Edifys se charge de diagnostiquer, intervenir en cas d&#8217;urgence, r\u00e9parer et entretenir votre toiture. Sp\u00e9cialis\u00e9 dans la r\u00e9paration, nous intervenons pour votre plus grande s\u00e9r\u00e9nit\u00e9.<\/p><\/div><\/div>[vc_row_inner][vc_column_inner width=&#8221;1\/2&#8243;]\n\t\t<div class=\"rs-services1 left\">\n\t\t<div class=\"services-wrap  \"> \n         <div class=\"services-item\">\n            <div class=\"services-icon\">\n                <i class=\"fa fa-thumbs-up\"><\/i>\n             <\/div>\n        \n\t\t\t<div class=\"services-desc\">\n\t\t\t\t<h3 class=\"services-title services-title2\"><a href=\"#\" title=\"\">100% Satisfait<\/a><\/h3>\n\t\t\t\t<p><\/p>\n\t\t\t\t\n\t\t\t\t<\/div>\n\t\t\t<\/div>\t\n\t\t<\/div><\/div>\n\t\n\t\t<div class=\"rs-services1 left\">\n\t\t<div class=\"services-wrap  \"> \n         <div class=\"services-item\">\n            <div class=\"services-icon\">\n                <i class=\"fa fa-clock-o\"><\/i>\n             <\/div>\n        \n\t\t\t<div class=\"services-desc\">\n\t\t\t\t<h3 class=\"services-title services-title2\"><a href=\"#\" title=\"\">Intervention en 48h<\/a><\/h3>\n\t\t\t\t<p><\/p>\n\t\t\t\t\n\t\t\t\t<\/div>\n\t\t\t<\/div>\t\n\t\t<\/div><\/div>\n\t\n\t\t<div class=\"rs-services1 left\">\n\t\t<div class=\"services-wrap  \"> \n         <div class=\"services-item\">\n            <div class=\"services-icon\">\n                <i class=\"fa fa-home\"><\/i>\n             <\/div>\n        \n\t\t\t<div class=\"services-desc\">\n\t\t\t\t<h3 class=\"services-title services-title2\"><a href=\"#\" title=\"\">Tout types de Toiture<\/a><\/h3>\n\t\t\t\t<p><\/p>\n\t\t\t\t\n\t\t\t\t<\/div>\n\t\t\t<\/div>\t\n\t\t<\/div><\/div>\n\t[\/vc_column_inner][vc_column_inner width=&#8221;1\/2&#8243;]\n\t\t<div class=\"rs-services1 left\">\n\t\t<div class=\"services-wrap  \"> \n         <div class=\"services-item\">\n            <div class=\"services-icon\">\n                <i class=\"fa fa-user\"><\/i>\n             <\/div>\n        \n\t\t\t<div class=\"services-desc\">\n\t\t\t\t<h3 class=\"services-title services-title2\"><a >Professionnels Agr\u00e9es<\/a><\/h3>\n\t\t\t\t<p><\/p>\n\t\t\t\t\n\t\t\t\t<\/div>\n\t\t\t<\/div>\t\n\t\t<\/div><\/div>\n\t\n\t\t<div class=\"rs-services1 left\">\n\t\t<div class=\"services-wrap  \"> \n         <div class=\"services-item\">\n            <div class=\"services-icon\">\n                <i class=\"fa fa-shield\"><\/i>\n             <\/div>\n        \n\t\t\t<div class=\"services-desc\">\n\t\t\t\t<h3 class=\"services-title services-title2\"><a href=\"#\" title=\"\">S\u00e9curit\u00e9<\/a><\/h3>\n\t\t\t\t<p><\/p>\n\t\t\t\t\n\t\t\t\t<\/div>\n\t\t\t<\/div>\t\n\t\t<\/div><\/div>\n\t\n\t\t<div class=\"rs-services1 left\">\n\t\t<div class=\"services-wrap  \"> \n         <div class=\"services-item\">\n            <div class=\"services-icon\">\n                <i class=\"fa fa-globe\"><\/i>\n             <\/div>\n        \n\t\t\t<div class=\"services-desc\">\n\t\t\t\t<h3 class=\"services-title services-title2\"><a href=\"#\" title=\"\">Partenaires Assurances<\/a><\/h3>\n\t\t\t\t<p><\/p>\n\t\t\t\t\n\t\t\t\t<\/div>\n\t\t\t<\/div>\t\n\t\t<\/div><\/div>\n\t[\/vc_column_inner][\/vc_row_inner][\/vc_column][\/vc_row][vc_row full_width=&#8221;stretch_row&#8221; gap=&#8221;10&#8243; el_id=&#8221;rs-testimonial&#8221; css=&#8221;.vc_custom_1529561324472{padding-top: 91px !important;padding-bottom: 78px !important;}&#8221; el_class=&#8221;rs-testimonial-home&#8221;][vc_column width=&#8221;1\/2&#8243; css=&#8221;.vc_custom_1528709296379{padding-top: 0px !important;}&#8221;]\r\n        <div class=\"rs-heading  vc_custom_1582811018349 border-style \">\r\n        \t<div class=\"title-inner\">\r\n\t            \r\n\t            <h2>T\u00e9moignages<\/h2>\r\n\t        <\/div><\/div><div id=\"cl-testimonial\" class=\"cl-testimonial2  text-left\">\n\t\t\t   \t\t<div class=\"hide_arrow\">                \n\t\t\t\t\t\t<div class=\"cl-row\"><ul class=\"testimonial-slide3 slider3\"><li class=\"testimonial-item\">\n\n\t\t\t\t\t\t\t\t<div class=\"cl-author image-testimonial\">\n\t\t\t\t\t\t\t\t\t<div class=\"testimonial-content\" style=\"color:#505050; background:#ffffff\"><p><i class=\"fa fa-quote-left\" style=\"color:#e88e2e\"><\/i> Artisan dynamique et r\u00e9actif pour la r\u00e9paration de notre toiture, entreprise \u00e0 recommander vivement.<\/p>\n\t\t\t\t\t\t\t\t\t\t\t\t\t\n\t\t\t\t\t\t\t\t\t<ul class=\"cl-author-info\">\n\t\t\t\t\t\t\t\t\t\t<li style=\"color:#303745\">Mr Bonin<\/li>\n\t\t\t\t\t\t\t\t\t\t<li style=\"color:#505050\">Particulier<\/li><\/ul>\n\t\t\t\t\t\t\t\t\t<\/div>\n\t\t\t\t\t\t\t\t<\/div>\n\t\t\t\t\t\t\t\t<style>\t\t\t\t\t\t\n\t\t\t\t\t\t\t\t\t#cl-testimonial ul.slick-dots li button{border:1px solid#e88e2e !important;}\n\t\t\t\t\t\t\t\t\t#cl-testimonial button.slick-arrow{background:#e88e2e !important;}\n\t\t\t\t\t\t\t\t\t#cl-testimonial .slick-active button{background:#e88e2e !important;}\n\t\t\t\t\t\t\t\t<\/style>\t\t\t\t\n\t\t\t\t\t\t\t\t<\/li><li class=\"testimonial-item\">\n\n\t\t\t\t\t\t\t\t<div class=\"cl-author image-testimonial\">\n\t\t\t\t\t\t\t\t\t<div class=\"testimonial-content\" style=\"color:#505050; background:#ffffff\"><p><i class=\"fa fa-quote-left\" style=\"color:#e88e2e\"><\/i> Entreprise tr\u00e8s professionnelle et sympathique, magnifique extension et charpente de notre chalet.<\/p>\n\t\t\t\t\t\t\t\t\t\t\t\t\t\n\t\t\t\t\t\t\t\t\t<ul class=\"cl-author-info\">\n\t\t\t\t\t\t\t\t\t\t<li style=\"color:#303745\">Mr &#038; Mme Marin<\/li>\n\t\t\t\t\t\t\t\t\t\t<li style=\"color:#505050\">Founder &amp; CEO<\/li><\/ul>\n\t\t\t\t\t\t\t\t\t<\/div>\n\t\t\t\t\t\t\t\t<\/div>\n\t\t\t\t\t\t\t\t<style>\t\t\t\t\t\t\n\t\t\t\t\t\t\t\t\t#cl-testimonial ul.slick-dots li button{border:1px solid#e88e2e !important;}\n\t\t\t\t\t\t\t\t\t#cl-testimonial button.slick-arrow{background:#e88e2e !important;}\n\t\t\t\t\t\t\t\t\t#cl-testimonial .slick-active button{background:#e88e2e !important;}\n\t\t\t\t\t\t\t\t<\/style>\t\t\t\t\n\t\t\t\t\t\t\t\t<\/li><\/ul><\/div><\/div>\n\t\t\t<\/div>[\/vc_column][vc_column width=&#8221;1\/2&#8243; css=&#8221;.vc_custom_1528693771253{padding-top: 0px !important;}&#8221; el_id=&#8221;rs-accordion&#8221; el_class=&#8221;rs-accordion&#8221;]\r\n        <div class=\"rs-heading  vc_custom_1582810416082 border-style \">\r\n        \t<div class=\"title-inner\">\r\n\t            \r\n\t            <h2>Pourquoi Nous Choisir ?<\/h2>\r\n\t        <\/div><\/div>[vc_tta_accordion][vc_tta_section title=&#8221;Rapidit\u00e9 d&#8217;intervention&#8221; tab_id=&#8221;architect&#8221;][vc_column_text]Notre \u00e9quipe intervient rapidement, dans les 48 heures, en cas de sinistre ou d&#8217;urgence. Vous pouvez compter sur notre professionnalisme et notre rapidit\u00e9 en cas d&#8217;intervention chez vous.[\/vc_column_text][\/vc_tta_section][vc_tta_section title=&#8221;40 ans d&#8217;exp\u00e9rience&#8221; tab_id=&#8221;design&#8221;][vc_column_text]Avec une exp\u00e9rience de plus de 40 ans, nous vous assurons de notre expertise lorsque nous intervenons chez vous, pour du diagnostic, de la r\u00e9paration ou de l&#8217;entretien.[\/vc_column_text][\/vc_tta_section][vc_tta_section title=&#8221;100% S\u00e9curit\u00e9&#8221; tab_id=&#8221;satisfaction&#8221;][vc_column_text]Nos prestations sont r\u00e9alis\u00e9es en assurant la s\u00e9curit\u00e9 permanente des biens et de votre famille. La s\u00e9curit\u00e9 est notre priorit\u00e9, pour assurer que votre famille soit \u00e0 l&#8217;abri du danger.[\/vc_column_text][\/vc_tta_section][\/vc_tta_accordion][\/vc_column][\/vc_row][vc_row full_width=&#8221;stretch_row&#8221; content_placement=&#8221;middle&#8221; el_id=&#8221;cta-sec&#8221; css=&#8221;.vc_custom_1525770342759{padding-top: 35px !important;padding-bottom: 35px !important;background-color: #fbc02d !important;}&#8221;][vc_column width=&#8221;1\/6&#8243;][vc_single_image image=&#8221;2073&#8243; img_size=&#8221;full&#8221;][\/vc_column][vc_column width=&#8221;7\/12&#8243;][vc_column_text el_class=&#8221;callto-desc&#8221;]<\/p>\n<p class=\"call-subtitle\">Vous avez un projet ?<\/p>\n<p class=\"call-title\">Contactez nous maintenant !<\/p>\n<p>[\/vc_column_text][\/vc_column][vc_column width=&#8221;1\/4&#8243;][vc_column_text el_class=&#8221;text-right&#8221;]<a class=\"readon\" href=\"http:\/\/edifys-charpente.com\/index.php\/contact\/\">DEMANDER UN DEVIS<\/a>[\/vc_column_text][\/vc_column][\/vc_row]<\/p>\n","protected":false},"excerpt":{"rendered":"<p>[vc_row full_width=&#8221;stretch_row&#8221; gap=&#8221;35&#8243; css=&#8221;.vc_custom_1529489363610{padding-top: 60px !important;padding-bottom: 60px !important;background-color: #ffffff !important;}&#8221;][vc_column width=&#8221;2\/3&#8243;][vc_column_text]Sp\u00e9cialis\u00e9 dans l&#8217;entretien et la r\u00e9paration de toiture, Edifys intervient&#8230;<\/p>\n","protected":false},"author":1,"featured_media":0,"parent":0,"menu_order":0,"comment_status":"closed","ping_status":"closed","template":"","meta":[],"yoast_head":"<!-- This site is optimized with the Yoast SEO plugin v14.9 - https:\/\/yoast.com\/wordpress\/plugins\/seo\/ -->\n<title>\u00c0 propos - Edifys<\/title>\n<meta name=\"robots\" content=\"index, follow, max-snippet:-1, max-image-preview:large, max-video-preview:-1\" \/>\n<link rel=\"canonical\" href=\"https:\/\/edifys-charpente.com\/index.php\/a-propos\/\" \/>\n<meta property=\"og:locale\" content=\"fr_FR\" \/>\n<meta property=\"og:type\" content=\"article\" \/>\n<meta property=\"og:title\" content=\"\u00c0 propos - Edifys\" \/>\n<meta property=\"og:description\" content=\"[vc_row full_width=&#8221;stretch_row&#8221; gap=&#8221;35&#8243; css=&#8221;.vc_custom_1529489363610{padding-top: 60px !important;padding-bottom: 60px !important;background-color: #ffffff !important;}&#8221;][vc_column width=&#8221;2\/3&#8243;][vc_column_text]Sp\u00e9cialis\u00e9 dans l&#8217;entretien et la r\u00e9paration de toiture, Edifys intervient...\" \/>\n<meta property=\"og:url\" content=\"https:\/\/edifys-charpente.com\/index.php\/a-propos\/\" \/>\n<meta property=\"og:site_name\" content=\"Edifys\" \/>\n<meta property=\"article:modified_time\" content=\"2020-03-12T09:40:05+00:00\" \/>\n<meta property=\"og:image\" content=\"http:\/\/edifys-charpente.com\/wp-content\/uploads\/2020\/02\/Alice_Sara_Ott_-_Signature-300x114.jpg\" \/>\n<meta name=\"twitter:card\" content=\"summary_large_image\" \/>\n<script type=\"application\/ld+json\" class=\"yoast-schema-graph\">{\"@context\":\"https:\/\/schema.org\",\"@graph\":[{\"@type\":\"WebSite\",\"@id\":\"https:\/\/edifys-charpente.com\/#website\",\"url\":\"https:\/\/edifys-charpente.com\/\",\"name\":\"Edifys\",\"description\":\"\",\"potentialAction\":[{\"@type\":\"SearchAction\",\"target\":\"https:\/\/edifys-charpente.com\/?s={search_term_string}\",\"query-input\":\"required name=search_term_string\"}],\"inLanguage\":\"fr-FR\"},{\"@type\":\"ImageObject\",\"@id\":\"https:\/\/edifys-charpente.com\/index.php\/a-propos\/#primaryimage\",\"inLanguage\":\"fr-FR\",\"url\":\"http:\/\/edifys-charpente.com\/wp-content\/uploads\/2020\/02\/Alice_Sara_Ott_-_Signature-300x114.jpg\"},{\"@type\":\"WebPage\",\"@id\":\"https:\/\/edifys-charpente.com\/index.php\/a-propos\/#webpage\",\"url\":\"https:\/\/edifys-charpente.com\/index.php\/a-propos\/\",\"name\":\"\\u00c0 propos - Edifys\",\"isPartOf\":{\"@id\":\"https:\/\/edifys-charpente.com\/#website\"},\"primaryImageOfPage\":{\"@id\":\"https:\/\/edifys-charpente.com\/index.php\/a-propos\/#primaryimage\"},\"datePublished\":\"2018-05-14T12:51:40+00:00\",\"dateModified\":\"2020-03-12T09:40:05+00:00\",\"inLanguage\":\"fr-FR\",\"potentialAction\":[{\"@type\":\"ReadAction\",\"target\":[\"https:\/\/edifys-charpente.com\/index.php\/a-propos\/\"]}]}]}<\/script>\n<!-- \/ Yoast SEO plugin. -->","_links":{"self":[{"href":"https:\/\/edifys-charpente.com\/index.php\/wp-json\/wp\/v2\/pages\/919"}],"collection":[{"href":"https:\/\/edifys-charpente.com\/index.php\/wp-json\/wp\/v2\/pages"}],"about":[{"href":"https:\/\/edifys-charpente.com\/index.php\/wp-json\/wp\/v2\/types\/page"}],"author":[{"embeddable":true,"href":"https:\/\/edifys-charpente.com\/index.php\/wp-json\/wp\/v2\/users\/1"}],"replies":[{"embeddable":true,"href":"https:\/\/edifys-charpente.com\/index.php\/wp-json\/wp\/v2\/comments?post=919"}],"version-history":[{"count":12,"href":"https:\/\/edifys-charpente.com\/index.php\/wp-json\/wp\/v2\/pages\/919\/revisions"}],"predecessor-version":[{"id":3778,"href":"https:\/\/edifys-charpente.com\/index.php\/wp-json\/wp\/v2\/pages\/919\/revisions\/3778"}],"wp:attachment":[{"href":"https:\/\/edifys-charpente.com\/index.php\/wp-json\/wp\/v2\/media?parent=919"}],"curies":[{"name":"wp","href":"https:\/\/api.w.org\/{rel}","templated":true}]}}